{"id":2275,"date":"2018-02-20T18:01:36","date_gmt":"2018-02-20T17:01:36","guid":{"rendered":"http:\/\/sfa.univ-poitiers.fr\/mecanique\/?p=1343"},"modified":"2024-05-06T16:08:30","modified_gmt":"2024-05-06T14:08:30","slug":"master-ingenierie-biomecanique","status":"publish","type":"page","link":"https:\/\/sfa.univ-poitiers.fr\/mecanique\/master-ingenierie-biomecanique\/","title":{"rendered":"Master Ing\u00e9nierie de conception &#8211; Parcours Ing\u00e9nierie Biom\u00e9canique"},"content":{"rendered":"","protected":false},"excerpt":{"rendered":"","protected":false},"author":5,"featured_media":0,"parent":0,"menu_order":0,"comment_status":"closed","ping_status":"closed","template":"","meta":{"_relevanssi_hide_post":"","_relevanssi_hide_content":"","_relevanssi_pin_for_all":"","_relevanssi_pin_keywords":"","_relevanssi_unpin_keywords":"","_relevanssi_related_keywords":"","_relevanssi_related_include_ids":"","_relevanssi_related_exclude_ids":"","_relevanssi_related_no_append":"","_relevanssi_related_not_related":"","_relevanssi_related_posts":"","_relevanssi_noindex_reason":""},"acf":[],"_links":{"self":[{"href":"https:\/\/sfa.univ-poitiers.fr\/mecanique\/wp-json\/wp\/v2\/pages\/2275"}],"collection":[{"href":"https:\/\/sfa.univ-poitiers.fr\/mecanique\/wp-json\/wp\/v2\/pages"}],"about":[{"href":"https:\/\/sfa.univ-poitiers.fr\/mecanique\/wp-json\/wp\/v2\/types\/page"}],"author":[{"embeddable":true,"href":"https:\/\/sfa.univ-poitiers.fr\/mecanique\/wp-json\/wp\/v2\/users\/5"}],"replies":[{"embeddable":true,"href":"https:\/\/sfa.univ-poitiers.fr\/mecanique\/wp-json\/wp\/v2\/comments?post=2275"}],"version-history":[{"count":3,"href":"https:\/\/sfa.univ-poitiers.fr\/mecanique\/wp-json\/wp\/v2\/pages\/2275\/revisions"}],"predecessor-version":[{"id":5716,"href":"https:\/\/sfa.univ-poitiers.fr\/mecanique\/wp-json\/wp\/v2\/pages\/2275\/revisions\/5716"}],"wp:attachment":[{"href":"https:\/\/sfa.univ-poitiers.fr\/mecanique\/wp-json\/wp\/v2\/media?parent=2275"}],"curies":[{"name":"wp","href":"https:\/\/api.w.org\/{rel}","templated":true}]}}